{"id":2092,"date":"2025-10-31T09:40:13","date_gmt":"2025-10-31T09:40:13","guid":{"rendered":"https:\/\/centarjova.rs\/?page_id=2092"},"modified":"2025-11-03T13:10:40","modified_gmt":"2025-11-03T13:10:40","slug":"terapeuti-centra-jova","status":"publish","type":"page","link":"https:\/\/centarjova.rs\/index.php\/terapeuti-centra-jova\/","title":{"rendered":"Terapeuti Centra Jova"},"content":{"rendered":"\t\t<div data-elementor-type=\"wp-page\" data-elementor-id=\"2092\" class=\"elementor elementor-2092\">\n\t\t\t\t<div class=\"elementor-element elementor-element-fb37c24 e-flex e-con-boxed e-con e-parent\" data-id=\"fb37c24\" data-element_type=\"container\">\n\t\t\t\t\t<div class=\"e-con-inner\">\n\t\t<div class=\"elementor-element elementor-element-65a689a e-con-full e-flex e-con e-child\" data-id=\"65a689a\" data-element_type=\"container\">\n\t\t\t\t<div class=\"elementor-element elementor-element-5ef62ae elementor-position-top elementor-widget elementor-widget-image-box\" data-id=\"5ef62ae\" data-element_type=\"widget\" data-settings=\"{&quot;wdt_animation_effect&quot;:&quot;none&quot;}\" data-widget_type=\"image-box.default\">\n\t\t\t\t\t<div class=\"elementor-image-box-wrapper\"><figure class=\"elementor-image-box-img\"><img fetchpriority=\"high\" decoding=\"async\" width=\"1920\" height=\"2560\" src=\"https:\/\/centarjova.rs\/wp-content\/uploads\/2024\/10\/Andela-Marniku-scaled.jpeg\" class=\"attachment-full size-full wp-image-2058\" alt=\"\" srcset=\"https:\/\/centarjova.rs\/wp-content\/uploads\/2024\/10\/Andela-Marniku-scaled.jpeg 1920w, https:\/\/centarjova.rs\/wp-content\/uploads\/2024\/10\/Andela-Marniku-225x300.jpeg 225w, https:\/\/centarjova.rs\/wp-content\/uploads\/2024\/10\/Andela-Marniku-768x1024.jpeg 768w, https:\/\/centarjova.rs\/wp-content\/uploads\/2024\/10\/Andela-Marniku-1152x1536.jpeg 1152w, https:\/\/centarjova.rs\/wp-content\/uploads\/2024\/10\/Andela-Marniku-1536x2048.jpeg 1536w, https:\/\/centarjova.rs\/wp-content\/uploads\/2024\/10\/Andela-Marniku-1000x1333.jpeg 1000w\" sizes=\"(max-width: 1920px) 100vw, 1920px\" \/><\/figure><div class=\"elementor-image-box-content\"><h3 class=\"elementor-image-box-title\">An\u0111ela Marniku<\/h3><p class=\"elementor-image-box-description\">An\u0111ela Marniku je obrazovani i iskusni fizioterapeut sa specijalizacijom u pedijatrijskoj fizioterapiji. Svoju karijeru gradila je rade\u0107i u vrhunskim klini\u010dkim ustanovama, kao \u0161to je Univerzitetska de\u010dja klinika Tir\u0161ova, i anga\u017eovanjem u sportu, uklju\u010duju\u0107i Srpski atletski savez. Poseduje bogato iskustvo u radu sa decom, sportistima i u wellness centrima, \u0161to ukazuje na njeru svestranost. Stalno usavr\u0161ava svoje ve\u0161tine kroz dodatne obuke i kurseve. Kao k\u013aju\u010dne osobine isti\u010du se njeru organizaciona sposobnost, timski rad i komunikativnost.<\/p><\/div><\/div>\t\t\t\t<\/div>\n\t\t\t\t<\/div>\n\t\t<div class=\"elementor-element elementor-element-c3d836b e-con-full e-flex e-con e-child\" data-id=\"c3d836b\" data-element_type=\"container\">\n\t\t\t\t<div class=\"elementor-element elementor-element-db3f233 elementor-position-top elementor-widget elementor-widget-image-box\" data-id=\"db3f233\" data-element_type=\"widget\" data-settings=\"{&quot;wdt_animation_effect&quot;:&quot;none&quot;}\" data-widget_type=\"image-box.default\">\n\t\t\t\t\t<div class=\"elementor-image-box-wrapper\"><figure class=\"elementor-image-box-img\"><img decoding=\"async\" width=\"1908\" height=\"2560\" src=\"https:\/\/centarjova.rs\/wp-content\/uploads\/2024\/10\/Branislav-Bojkovic-scaled.jpeg\" class=\"attachment-full size-full wp-image-2056\" alt=\"\" srcset=\"https:\/\/centarjova.rs\/wp-content\/uploads\/2024\/10\/Branislav-Bojkovic-scaled.jpeg 1908w, https:\/\/centarjova.rs\/wp-content\/uploads\/2024\/10\/Branislav-Bojkovic-224x300.jpeg 224w, https:\/\/centarjova.rs\/wp-content\/uploads\/2024\/10\/Branislav-Bojkovic-763x1024.jpeg 763w, https:\/\/centarjova.rs\/wp-content\/uploads\/2024\/10\/Branislav-Bojkovic-768x1031.jpeg 768w, https:\/\/centarjova.rs\/wp-content\/uploads\/2024\/10\/Branislav-Bojkovic-1145x1536.jpeg 1145w, https:\/\/centarjova.rs\/wp-content\/uploads\/2024\/10\/Branislav-Bojkovic-1526x2048.jpeg 1526w, https:\/\/centarjova.rs\/wp-content\/uploads\/2024\/10\/Branislav-Bojkovic-1000x1342.jpeg 1000w\" sizes=\"(max-width: 1908px) 100vw, 1908px\" \/><\/figure><div class=\"elementor-image-box-content\"><h3 class=\"elementor-image-box-title\">Branislav Bojkovi\u0107<\/h3><p class=\"elementor-image-box-description\">Branislav Bojkovi\u0107 je iskusan fizioterapeutski tehni\u010dar sa preko osam godina sta\u017ea. Specijalizovao se za primenu razli\u010ditih vidova fizikalne terapije, kao i kineziterapiju kod dece sa posebnim potrebama. U svom radu koristi savremene metode poput osteopatije, IASTM Ergon i DMI tehnike. Tokom karijere stekao je vredne komunikativne, organizacione i kreativne ve\u0161tine. Njegovo iskustvo obuhvata rad sa raznovrsnim fizikalnim procedurama, od parafanga i lasera do magnetoterapije.<\/p><\/div><\/div>\t\t\t\t<\/div>\n\t\t\t\t<\/div>\n\t\t<div class=\"elementor-element elementor-element-ced1aad e-con-full e-flex e-con e-child\" data-id=\"ced1aad\" data-element_type=\"container\">\n\t\t\t\t<div class=\"elementor-element elementor-element-ffc2e89 elementor-position-top elementor-widget elementor-widget-image-box\" data-id=\"ffc2e89\" data-element_type=\"widget\" data-settings=\"{&quot;wdt_animation_effect&quot;:&quot;none&quot;}\" data-widget_type=\"image-box.default\">\n\t\t\t\t\t<div class=\"elementor-image-box-wrapper\"><figure class=\"elementor-image-box-img\"><img decoding=\"async\" width=\"1920\" height=\"2560\" src=\"https:\/\/centarjova.rs\/wp-content\/uploads\/2024\/10\/Ksenija-Nikolendzic-scaled.jpeg\" class=\"attachment-full size-full wp-image-2057\" alt=\"\" srcset=\"https:\/\/centarjova.rs\/wp-content\/uploads\/2024\/10\/Ksenija-Nikolendzic-scaled.jpeg 1920w, https:\/\/centarjova.rs\/wp-content\/uploads\/2024\/10\/Ksenija-Nikolendzic-225x300.jpeg 225w, https:\/\/centarjova.rs\/wp-content\/uploads\/2024\/10\/Ksenija-Nikolendzic-768x1024.jpeg 768w, https:\/\/centarjova.rs\/wp-content\/uploads\/2024\/10\/Ksenija-Nikolendzic-1152x1536.jpeg 1152w, https:\/\/centarjova.rs\/wp-content\/uploads\/2024\/10\/Ksenija-Nikolendzic-1536x2048.jpeg 1536w, https:\/\/centarjova.rs\/wp-content\/uploads\/2024\/10\/Ksenija-Nikolendzic-1000x1333.jpeg 1000w\" sizes=\"(max-width: 1920px) 100vw, 1920px\" \/><\/figure><div class=\"elementor-image-box-content\"><h3 class=\"elementor-image-box-title\">Ksenija Nikolend\u017ei\u0107<\/h3><p class=\"elementor-image-box-description\">Ksenija Nikolend\u017ei\u0107 je strukovna fizioterapeutkinja sa iskustvom u radu u klini\u010dkom i wellness okru\u017eenju. Specijalizovala se za fizikalnu terapiju i kineziterapiju, posebno kod dece sa neurolo\u0161kim i motori\u010dkim poreme\u0107ajima. U svom radu primenjuje \u0161irok spe\u010dar metoda, od konvencionalnih procedura do savremenih tehnika poput IASTM Ergon i DMI. Kao k\u013aju\u010dne profesionalne osobine isti\u010du se njena timska saradnja, odgovornost i organizaciona sposobnost. Svoje znanje uspe\u0161no primenjuje i u kozmeti\u010dkim tretmanima i masa\u017eama, pokazuju\u0107i svestranost u oblasti fizioterapije.<\/p><\/div><\/div>\t\t\t\t<\/div>\n\t\t\t\t<\/div>\n\t\t<div class=\"elementor-element elementor-element-3e7cec6 e-con-full e-flex e-con e-child\" data-id=\"3e7cec6\" data-element_type=\"container\">\n\t\t\t\t<div class=\"elementor-element elementor-element-3c78eec elementor-widget elementor-widget-image\" data-id=\"3c78eec\" data-element_type=\"widget\" data-settings=\"{&quot;wdt_animation_effect&quot;:&quot;none&quot;}\" data-widget_type=\"image.default\">\n\t\t\t\t\t\t\t\t\t\t\t\t\t\t\t<img loading=\"lazy\" decoding=\"async\" width=\"512\" height=\"512\" src=\"https:\/\/centarjova.rs\/wp-content\/uploads\/2025\/09\/cropped-cropped-logo_transp.png\" class=\"attachment-large size-large wp-image-1742\" alt=\"\" srcset=\"https:\/\/centarjova.rs\/wp-content\/uploads\/2025\/09\/cropped-cropped-logo_transp.png 512w, https:\/\/centarjova.rs\/wp-content\/uploads\/2025\/09\/cropped-cropped-logo_transp-300x300.png 300w, https:\/\/centarjova.rs\/wp-content\/uploads\/2025\/09\/cropped-cropped-logo_transp-150x150.png 150w, https:\/\/centarjova.rs\/wp-content\/uploads\/2025\/09\/cropped-cropped-logo_transp-205x205.png 205w, https:\/\/centarjova.rs\/wp-content\/uploads\/2025\/09\/cropped-cropped-logo_transp-60x60.png 60w, https:\/\/centarjova.rs\/wp-content\/uploads\/2025\/09\/cropped-cropped-logo_transp-100x100.png 100w\" sizes=\"(max-width: 512px) 100vw, 512px\" \/>\t\t\t\t\t\t\t\t\t\t\t\t\t\t\t<\/div>\n\t\t\t\t<\/div>\n\t\t<div class=\"elementor-element elementor-element-ae3e68b e-con-full e-flex e-con e-child\" data-id=\"ae3e68b\" data-element_type=\"container\">\n\t\t\t\t<div class=\"elementor-element elementor-element-27b35bd elementor-widget elementor-widget-text-editor\" data-id=\"27b35bd\" data-element_type=\"widget\" data-settings=\"{&quot;wdt_animation_effect&quot;:&quot;none&quot;}\" data-widget_type=\"text-editor.default\">\n\t\t\t\t\t\t\t\t\t<div class=\"dad65929\"><div class=\"_4f9bf79 d7dc56a8 _43c05b5\"><div class=\"ds-message _63c77b1\"><div class=\"ds-markdown\"><p class=\"ds-markdown-paragraph\"><strong>Na\u0161 najve\u0107i kapital: Kvalitetan kadar koji raste i podu\u010dava<\/strong><\/p><p class=\"ds-markdown-paragraph\">U na\u0161em centru verujemo da je sr\u017e uspe\u0161ne kineziterapije upravo u ljudima koji je sprovode. Stoga je ulaganje u kontinuiranu edukaciju i stru\u010dno usavr\u0161avanje na\u0161eg kadra ne samo investicija u njih, ve\u0107 i najbolja garancija kvaliteta i bezbednosti za na\u0161e pacijente.<\/p><p class=\"ds-markdown-paragraph\" style=\"text-align: left;\">Na\u0161i iskusniji fizioterapeuti nisu samo stru\u010dnjaci u svojoj oblasti, ve\u0107 i mentori koji svoje znanje i bogatu praksu prenose na druge kolege.<\/p><p class=\"ds-markdown-paragraph\">Ovakav pristup, gde se znanje nesebi\u010dno deli, ne samo da podi\u017ee standarde celokupnog tima, ve\u0107 stvara inspirativno okru\u017eenje u kome svaki \u010dlan raste, a na\u0161 centar ostaje sinonim za vrhunsku i savremenu fizioterapiju. Zajedno gradimo zajednicu u\u010denja i izvrsnosti.<\/p><\/div><\/div><\/div><\/div>\t\t\t\t\t\t\t\t<\/div>\n\t\t\t\t<\/div>\n\t\t\t\t\t<\/div>\n\t\t\t\t<\/div>\n\t\t<div class=\"elementor-element elementor-element-4565696 e-flex e-con-boxed e-con e-parent\" data-id=\"4565696\" data-element_type=\"container\">\n\t\t\t\t\t<div class=\"e-con-inner\">\n\t\t\t\t<div class=\"elementor-element elementor-element-6283049 elementor-widget elementor-widget-image\" data-id=\"6283049\" data-element_type=\"widget\" data-settings=\"{&quot;wdt_animation_effect&quot;:&quot;none&quot;}\" data-widget_type=\"image.default\">\n\t\t\t\t\t\t\t\t\t\t\t\t\t\t\t<img loading=\"lazy\" decoding=\"async\" width=\"988\" height=\"1024\" src=\"https:\/\/centarjova.rs\/wp-content\/uploads\/2025\/10\/slika-broj-1-988x1024.jpeg\" class=\"attachment-large size-large wp-image-1939\" alt=\"\" srcset=\"https:\/\/centarjova.rs\/wp-content\/uploads\/2025\/10\/slika-broj-1-988x1024.jpeg 988w, https:\/\/centarjova.rs\/wp-content\/uploads\/2025\/10\/slika-broj-1-289x300.jpeg 289w, https:\/\/centarjova.rs\/wp-content\/uploads\/2025\/10\/slika-broj-1-768x796.jpeg 768w, https:\/\/centarjova.rs\/wp-content\/uploads\/2025\/10\/slika-broj-1-1481x1536.jpeg 1481w, https:\/\/centarjova.rs\/wp-content\/uploads\/2025\/10\/slika-broj-1-1975x2048.jpeg 1975w, https:\/\/centarjova.rs\/wp-content\/uploads\/2025\/10\/slika-broj-1-1000x1037.jpeg 1000w\" sizes=\"(max-width: 988px) 100vw, 988px\" \/>\t\t\t\t\t\t\t\t\t\t\t\t\t\t\t<\/div>\n\t\t\t\t\t<\/div>\n\t\t\t\t<\/div>\n\t\t\t\t<\/div>\n\t\t","protected":false},"excerpt":{"rendered":"<p>An\u0111ela Marniku An\u0111ela Marniku je obrazovani i iskusni fizioterapeut sa specijalizacijom u pedijatrijskoj fizioterapiji. Svoju karijeru gradila je rade\u0107i u vrhunskim klini\u010dkim ustanovama, kao \u0161to je Univerzitetska de\u010dja klinika Tir\u0161ova, i anga\u017eovanjem u sportu, uklju\u010duju\u0107i Srpski atletski savez. Poseduje bogato iskustvo u radu sa decom, sportistima i u wellness centrima, \u0161to ukazuje na njeru svestranost. [&hellip;]<\/p>\n","protected":false},"author":1,"featured_media":0,"parent":0,"menu_order":0,"comment_status":"closed","ping_status":"closed","template":"","meta":{"footnotes":""},"class_list":["post-2092","page","type-page","status-publish","hentry"],"_links":{"self":[{"href":"https:\/\/centarjova.rs\/index.php\/wp-json\/wp\/v2\/pages\/2092","targetHints":{"allow":["GET"]}}],"collection":[{"href":"https:\/\/centarjova.rs\/index.php\/wp-json\/wp\/v2\/pages"}],"about":[{"href":"https:\/\/centarjova.rs\/index.php\/wp-json\/wp\/v2\/types\/page"}],"author":[{"embeddable":true,"href":"https:\/\/centarjova.rs\/index.php\/wp-json\/wp\/v2\/users\/1"}],"replies":[{"embeddable":true,"href":"https:\/\/centarjova.rs\/index.php\/wp-json\/wp\/v2\/comments?post=2092"}],"version-history":[{"count":16,"href":"https:\/\/centarjova.rs\/index.php\/wp-json\/wp\/v2\/pages\/2092\/revisions"}],"predecessor-version":[{"id":2145,"href":"https:\/\/centarjova.rs\/index.php\/wp-json\/wp\/v2\/pages\/2092\/revisions\/2145"}],"wp:attachment":[{"href":"https:\/\/centarjova.rs\/index.php\/wp-json\/wp\/v2\/media?parent=2092"}],"curies":[{"name":"wp","href":"https:\/\/api.w.org\/{rel}","templated":true}]}}