{"id":2103,"date":"2025-11-03T12:15:29","date_gmt":"2025-11-03T12:15:29","guid":{"rendered":"https:\/\/centarjova.rs\/?page_id=2103"},"modified":"2025-11-03T13:15:03","modified_gmt":"2025-11-03T13:15:03","slug":"kontakt","status":"publish","type":"page","link":"https:\/\/centarjova.rs\/index.php\/kontakt\/","title":{"rendered":"Kontakt"},"content":{"rendered":"\t\t<div data-elementor-type=\"wp-page\" data-elementor-id=\"2103\" class=\"elementor elementor-2103\">\n\t\t\t\t<div class=\"elementor-element elementor-element-0a16b9c e-flex e-con-boxed e-con e-parent\" data-id=\"0a16b9c\" data-element_type=\"container\">\n\t\t\t\t\t<div class=\"e-con-inner\">\n\t\t<div class=\"elementor-element elementor-element-d4f5fbf e-con-full e-flex e-con e-child\" data-id=\"d4f5fbf\" data-element_type=\"container\">\n\t\t\t\t<div class=\"elementor-element elementor-element-f92082a elementor-widget elementor-widget-text-editor\" data-id=\"f92082a\" data-element_type=\"widget\" data-settings=\"{&quot;wdt_animation_effect&quot;:&quot;none&quot;}\" data-widget_type=\"text-editor.default\">\n\t\t\t\t\t\t\t\t\t<h4 style=\"text-align: center;\">Ukoliko imate bilo kakvo pitanje ili nedoumicu slobodno nam po\u0161aljite upit!<br \/><br \/><img fetchpriority=\"high\" decoding=\"async\" class=\"size-medium wp-image-1742 aligncenter\" src=\"https:\/\/centarjova.rs\/wp-content\/uploads\/2025\/09\/cropped-cropped-logo_transp-300x300.png\" alt=\"\" width=\"300\" height=\"300\" srcset=\"https:\/\/centarjova.rs\/wp-content\/uploads\/2025\/09\/cropped-cropped-logo_transp-300x300.png 300w, https:\/\/centarjova.rs\/wp-content\/uploads\/2025\/09\/cropped-cropped-logo_transp-150x150.png 150w, https:\/\/centarjova.rs\/wp-content\/uploads\/2025\/09\/cropped-cropped-logo_transp-205x205.png 205w, https:\/\/centarjova.rs\/wp-content\/uploads\/2025\/09\/cropped-cropped-logo_transp-60x60.png 60w, https:\/\/centarjova.rs\/wp-content\/uploads\/2025\/09\/cropped-cropped-logo_transp-100x100.png 100w, https:\/\/centarjova.rs\/wp-content\/uploads\/2025\/09\/cropped-cropped-logo_transp.png 512w\" sizes=\"(max-width: 300px) 100vw, 300px\" \/><\/h4>\t\t\t\t\t\t\t\t<\/div>\n\t\t\t\t<\/div>\n\t\t<div class=\"elementor-element elementor-element-7c532d4 e-con-full e-flex e-con e-child\" data-id=\"7c532d4\" data-element_type=\"container\">\n\t\t\t\t<div class=\"elementor-element elementor-element-207e120 elementor-widget elementor-widget-text-editor\" data-id=\"207e120\" data-element_type=\"widget\" data-settings=\"{&quot;wdt_animation_effect&quot;:&quot;none&quot;}\" data-widget_type=\"text-editor.default\">\n\t\t\t\t\t\t\t\t\t\n<div class=\"wpcf7 no-js\" id=\"wpcf7-f20-o1\" lang=\"en-US\" dir=\"ltr\" data-wpcf7-id=\"20\">\n<div class=\"screen-reader-response\"><p role=\"status\" aria-live=\"polite\" aria-atomic=\"true\"><\/p> <ul><\/ul><\/div>\n<form action=\"\/index.php\/wp-json\/wp\/v2\/pages\/2103#wpcf7-f20-o1\" method=\"post\" class=\"wpcf7-form init\" aria-label=\"Contact form\" enctype=\"multipart\/form-data\" novalidate=\"novalidate\" data-status=\"init\">\n<fieldset class=\"hidden-fields-container\"><input type=\"hidden\" name=\"_wpcf7\" value=\"20\" \/><input type=\"hidden\" name=\"_wpcf7_version\" value=\"6.1.3\" \/><input type=\"hidden\" name=\"_wpcf7_locale\" value=\"en_US\" \/><input type=\"hidden\" name=\"_wpcf7_unit_tag\" value=\"wpcf7-f20-o1\" \/><input type=\"hidden\" name=\"_wpcf7_container_post\" value=\"0\" \/><input type=\"hidden\" name=\"_wpcf7_posted_data_hash\" value=\"\" \/><input type=\"hidden\" name=\"_wpcf7_recaptcha_response\" value=\"\" \/>\n<\/fieldset>\n<p><label> Va\u0161e ime<br \/>\n<span class=\"wpcf7-form-control-wrap\" data-name=\"your-name\"><input size=\"40\" maxlength=\"400\" class=\"wpcf7-form-control wpcf7-text wpcf7-validates-as-required\" autocomplete=\"name\" aria-required=\"true\" aria-invalid=\"false\" value=\"\" type=\"text\" name=\"your-name\" \/><\/span> <\/label>\n<\/p>\n<p><label> Va\u0161 imejl<br \/>\n<span class=\"wpcf7-form-control-wrap\" data-name=\"your-email\"><input size=\"40\" maxlength=\"400\" class=\"wpcf7-form-control wpcf7-email wpcf7-validates-as-required wpcf7-text wpcf7-validates-as-email\" autocomplete=\"email\" aria-required=\"true\" aria-invalid=\"false\" value=\"\" type=\"email\" name=\"your-email\" \/><\/span> <\/label>\n<\/p>\n<p><label> Kategorija upita<br \/>\n<span class=\"wpcf7-form-control-wrap\" data-name=\"kategorija\"><select class=\"wpcf7-form-control wpcf7-select wpcf7-validates-as-required\" aria-required=\"true\" aria-invalid=\"false\" name=\"kategorija\"><option value=\"Konsultacije\">Konsultacije<\/option><option value=\"Terapija\">Terapija<\/option><option value=\"Edukacije\">Edukacije<\/option><\/select><\/span><\/label>\n<\/p>\n<p><label> Naslov poruke<br \/>\n<span class=\"wpcf7-form-control-wrap\" data-name=\"your-subject\"><input size=\"40\" maxlength=\"400\" class=\"wpcf7-form-control wpcf7-text wpcf7-validates-as-required\" aria-required=\"true\" aria-invalid=\"false\" value=\"\" type=\"text\" name=\"your-subject\" \/><\/span> <\/label>\n<\/p>\n<p><label> Va\u0161a poruka<br \/>\n<span class=\"wpcf7-form-control-wrap\" data-name=\"your-message\"><textarea cols=\"40\" rows=\"10\" maxlength=\"2000\" class=\"wpcf7-form-control wpcf7-textarea\" aria-invalid=\"false\" name=\"your-message\"><\/textarea><\/span> <\/label>\n<\/p>\n<p><label> Prilog poruci (ukoliko ga imate)<br \/>\n<span class=\"wpcf7-form-control-wrap\" data-name=\"prilog\"><input size=\"40\" class=\"wpcf7-form-control wpcf7-file\" accept=\"audio\/*,video\/*,image\/*\" aria-invalid=\"false\" type=\"file\" name=\"prilog\" \/><\/span><\/label>\n<\/p>\n<p><input class=\"wpcf7-form-control wpcf7-submit has-spinner\" type=\"submit\" value=\"Po\u0161aljite upit\" \/>\n<\/p><div class=\"wpcf7-response-output\" aria-hidden=\"true\"><\/div>\n<\/form>\n<\/div>\n\t\t\t\t\t\t\t\t<\/div>\n\t\t\t\t<\/div>\n\t\t\t\t\t<\/div>\n\t\t\t\t<\/div>\n\t\t<div class=\"elementor-element elementor-element-5d307d4 e-flex e-con-boxed e-con e-parent\" data-id=\"5d307d4\" data-element_type=\"container\">\n\t\t\t\t\t<div class=\"e-con-inner\">\n\t\t\t\t<div class=\"elementor-element elementor-element-08f469a elementor-widget elementor-widget-heading\" data-id=\"08f469a\" data-element_type=\"widget\" data-settings=\"{&quot;wdt_animation_effect&quot;:&quot;none&quot;}\" data-widget_type=\"heading.default\">\n\t\t\t\t\t<h2 class=\"elementor-heading-title elementor-size-default\">Na\u0161a lokacija na mapi:<\/h2>\t\t\t\t<\/div>\n\t\t\t\t\t<\/div>\n\t\t\t\t<\/div>\n\t\t<div class=\"elementor-element elementor-element-97e5c0a e-flex e-con-boxed e-con e-parent\" data-id=\"97e5c0a\" data-element_type=\"container\">\n\t\t\t\t\t<div class=\"e-con-inner\">\n\t\t\t\t<div class=\"elementor-element elementor-element-23fcff8 elementor-widget elementor-widget-google_maps\" data-id=\"23fcff8\" data-element_type=\"widget\" data-settings=\"{&quot;wdt_animation_effect&quot;:&quot;none&quot;}\" data-widget_type=\"google_maps.default\">\n\t\t\t\t\t\t\t<div class=\"elementor-custom-embed\">\n\t\t\t<iframe loading=\"lazy\"\n\t\t\t\t\tsrc=\"https:\/\/maps.google.com\/maps?q=Mihaila%20Todorovi%C4%87a%2014%2C%20Beograd%2C%20Srbija&#038;t=m&#038;z=12&#038;output=embed&#038;iwloc=near\"\n\t\t\t\t\ttitle=\"Mihaila Todorovi\u0107a 14, Beograd, Srbija\"\n\t\t\t\t\taria-label=\"Mihaila Todorovi\u0107a 14, Beograd, Srbija\"\n\t\t\t><\/iframe>\n\t\t<\/div>\n\t\t\t\t\t\t<\/div>\n\t\t\t\t\t<\/div>\n\t\t\t\t<\/div>\n\t\t<div class=\"elementor-element elementor-element-05222eb e-flex e-con-boxed e-con e-parent\" data-id=\"05222eb\" data-element_type=\"container\">\n\t\t\t\t\t<div class=\"e-con-inner\">\n\t\t<div class=\"elementor-element elementor-element-e7404bf e-con-full e-flex e-con e-child\" data-id=\"e7404bf\" data-element_type=\"container\">\n\t\t\t\t<div class=\"elementor-element elementor-element-9e8b439 elementor-position-top elementor-widget elementor-widget-image-box\" data-id=\"9e8b439\" data-element_type=\"widget\" data-settings=\"{&quot;wdt_animation_effect&quot;:&quot;none&quot;}\" data-widget_type=\"image-box.default\">\n\t\t\t\t\t<div class=\"elementor-image-box-wrapper\"><figure class=\"elementor-image-box-img\"><img decoding=\"async\" width=\"1280\" height=\"853\" src=\"https:\/\/centarjova.rs\/wp-content\/uploads\/2025\/10\/porodica.jpg\" class=\"attachment-full size-full wp-image-1860\" alt=\"\" srcset=\"https:\/\/centarjova.rs\/wp-content\/uploads\/2025\/10\/porodica.jpg 1280w, https:\/\/centarjova.rs\/wp-content\/uploads\/2025\/10\/porodica-300x200.jpg 300w, https:\/\/centarjova.rs\/wp-content\/uploads\/2025\/10\/porodica-1024x682.jpg 1024w, https:\/\/centarjova.rs\/wp-content\/uploads\/2025\/10\/porodica-768x512.jpg 768w, https:\/\/centarjova.rs\/wp-content\/uploads\/2025\/10\/porodica-1000x666.jpg 1000w\" sizes=\"(max-width: 1280px) 100vw, 1280px\" \/><\/figure><div class=\"elementor-image-box-content\"><h3 class=\"elementor-image-box-title\">Konsultacije<\/h3><p class=\"elementor-image-box-description\">Tu smo za Vas za sva pitanja i pre na\u0161eg upoznavanja!<\/p><\/div><\/div>\t\t\t\t<\/div>\n\t\t\t\t<\/div>\n\t\t<div class=\"elementor-element elementor-element-6b07911 e-con-full e-flex e-con e-child\" data-id=\"6b07911\" data-element_type=\"container\">\n\t\t\t\t<div class=\"elementor-element elementor-element-df60f0b elementor-position-top elementor-widget elementor-widget-image-box\" data-id=\"df60f0b\" data-element_type=\"widget\" data-settings=\"{&quot;wdt_animation_effect&quot;:&quot;none&quot;}\" data-widget_type=\"image-box.default\">\n\t\t\t\t\t<div class=\"elementor-image-box-wrapper\"><figure class=\"elementor-image-box-img\"><img decoding=\"async\" width=\"1280\" height=\"853\" src=\"https:\/\/centarjova.rs\/wp-content\/uploads\/2025\/10\/terapija_stopala.jpg\" class=\"attachment-full size-full wp-image-2012\" alt=\"\" srcset=\"https:\/\/centarjova.rs\/wp-content\/uploads\/2025\/10\/terapija_stopala.jpg 1280w, https:\/\/centarjova.rs\/wp-content\/uploads\/2025\/10\/terapija_stopala-300x200.jpg 300w, https:\/\/centarjova.rs\/wp-content\/uploads\/2025\/10\/terapija_stopala-1024x682.jpg 1024w, https:\/\/centarjova.rs\/wp-content\/uploads\/2025\/10\/terapija_stopala-768x512.jpg 768w, https:\/\/centarjova.rs\/wp-content\/uploads\/2025\/10\/terapija_stopala-1000x666.jpg 1000w\" sizes=\"(max-width: 1280px) 100vw, 1280px\" \/><\/figure><div class=\"elementor-image-box-content\"><h3 class=\"elementor-image-box-title\">Terapije<\/h3><p class=\"elementor-image-box-description\">Ve\u0107 se znamo? Nazovite nas ili nam pi\u0161ite ukoliko je potrebno.<\/p><\/div><\/div>\t\t\t\t<\/div>\n\t\t\t\t<\/div>\n\t\t<div class=\"elementor-element elementor-element-3cccb16 e-con-full e-flex e-con e-child\" data-id=\"3cccb16\" data-element_type=\"container\">\n\t\t\t\t<div class=\"elementor-element elementor-element-017ae35 elementor-position-top elementor-widget elementor-widget-image-box\" data-id=\"017ae35\" data-element_type=\"widget\" data-settings=\"{&quot;wdt_animation_effect&quot;:&quot;none&quot;}\" data-widget_type=\"image-box.default\">\n\t\t\t\t\t<div class=\"elementor-image-box-wrapper\"><figure class=\"elementor-image-box-img\"><img loading=\"lazy\" decoding=\"async\" width=\"1280\" height=\"853\" src=\"https:\/\/centarjova.rs\/wp-content\/uploads\/2025\/10\/edukacije.jpg\" class=\"attachment-full size-full wp-image-2009\" alt=\"\" srcset=\"https:\/\/centarjova.rs\/wp-content\/uploads\/2025\/10\/edukacije.jpg 1280w, https:\/\/centarjova.rs\/wp-content\/uploads\/2025\/10\/edukacije-300x200.jpg 300w, https:\/\/centarjova.rs\/wp-content\/uploads\/2025\/10\/edukacije-1024x682.jpg 1024w, https:\/\/centarjova.rs\/wp-content\/uploads\/2025\/10\/edukacije-768x512.jpg 768w, https:\/\/centarjova.rs\/wp-content\/uploads\/2025\/10\/edukacije-1000x666.jpg 1000w\" sizes=\"(max-width: 1280px) 100vw, 1280px\" \/><\/figure><div class=\"elementor-image-box-content\"><h3 class=\"elementor-image-box-title\">Edukacije<\/h3><p class=\"elementor-image-box-description\">Javite nam se ukoliko ste zainteresovani za na\u0161e edukacije!<\/p><\/div><\/div>\t\t\t\t<\/div>\n\t\t\t\t<\/div>\n\t\t<div class=\"elementor-element elementor-element-4d6c4e6 e-con-full e-flex e-con e-child\" data-id=\"4d6c4e6\" data-element_type=\"container\">\n\t\t\t\t<div class=\"elementor-element elementor-element-a083c8b elementor-widget elementor-widget-image\" data-id=\"a083c8b\" data-element_type=\"widget\" data-settings=\"{&quot;wdt_animation_effect&quot;:&quot;none&quot;}\" data-widget_type=\"image.default\">\n\t\t\t\t\t\t\t\t\t\t\t\t\t\t\t<img loading=\"lazy\" decoding=\"async\" width=\"300\" height=\"300\" src=\"https:\/\/centarjova.rs\/wp-content\/uploads\/2025\/09\/cropped-cropped-logo_transp-300x300.png\" class=\"attachment-medium size-medium wp-image-1742\" alt=\"\" srcset=\"https:\/\/centarjova.rs\/wp-content\/uploads\/2025\/09\/cropped-cropped-logo_transp-300x300.png 300w, https:\/\/centarjova.rs\/wp-content\/uploads\/2025\/09\/cropped-cropped-logo_transp-150x150.png 150w, https:\/\/centarjova.rs\/wp-content\/uploads\/2025\/09\/cropped-cropped-logo_transp-205x205.png 205w, https:\/\/centarjova.rs\/wp-content\/uploads\/2025\/09\/cropped-cropped-logo_transp-60x60.png 60w, https:\/\/centarjova.rs\/wp-content\/uploads\/2025\/09\/cropped-cropped-logo_transp-100x100.png 100w, https:\/\/centarjova.rs\/wp-content\/uploads\/2025\/09\/cropped-cropped-logo_transp.png 512w\" sizes=\"(max-width: 300px) 100vw, 300px\" \/>\t\t\t\t\t\t\t\t\t\t\t\t\t\t\t<\/div>\n\t\t\t\t<\/div>\n\t\t<div class=\"elementor-element elementor-element-c91f74a e-con-full e-flex e-con e-child\" data-id=\"c91f74a\" data-element_type=\"container\">\n\t\t\t\t<div class=\"elementor-element elementor-element-41d9a64 elementor-widget elementor-widget-text-editor\" data-id=\"41d9a64\" data-element_type=\"widget\" data-settings=\"{&quot;wdt_animation_effect&quot;:&quot;none&quot;}\" data-widget_type=\"text-editor.default\">\n\t\t\t\t\t\t\t\t\t<h5 style=\"text-align: center;\"><strong>RADNO VREME Centra Jova<\/strong><\/h5><p>Na\u0161e radno vreme je <strong>od 9 do 15 \u010dasova radnim danima<\/strong> ali, <strong>u dogovoru sa Vama mo\u017eemo raditi i subotom<\/strong>.<\/p><p>Uvek nam mo\u017eete pisati pomo\u0107u kontakt forme iznad ili nas nazovite na jedan od kontakt telefona:<\/p><h3 style=\"text-align: center;\"><strong>065 99 66 888<\/strong> ili <strong>064 64 777 64<\/strong><\/h3>\t\t\t\t\t\t\t\t<\/div>\n\t\t\t\t<\/div>\n\t\t\t\t\t<\/div>\n\t\t\t\t<\/div>\n\t\t\t\t<\/div>\n\t\t","protected":false},"excerpt":{"rendered":"<p>Ukoliko imate bilo kakvo pitanje ili nedoumicu slobodno nam po\u0161aljite upit! Na\u0161a lokacija na mapi: Konsultacije Tu smo za Vas za sva pitanja i pre na\u0161eg upoznavanja! Terapije Ve\u0107 se znamo? Nazovite nas ili nam pi\u0161ite ukoliko je potrebno. Edukacije Javite nam se ukoliko ste zainteresovani za na\u0161e edukacije! RADNO VREME Centra Jova Na\u0161e radno [&hellip;]<\/p>\n","protected":false},"author":1,"featured_media":0,"parent":0,"menu_order":0,"comment_status":"closed","ping_status":"closed","template":"","meta":{"footnotes":""},"class_list":["post-2103","page","type-page","status-publish","hentry"],"_links":{"self":[{"href":"https:\/\/centarjova.rs\/index.php\/wp-json\/wp\/v2\/pages\/2103","targetHints":{"allow":["GET"]}}],"collection":[{"href":"https:\/\/centarjova.rs\/index.php\/wp-json\/wp\/v2\/pages"}],"about":[{"href":"https:\/\/centarjova.rs\/index.php\/wp-json\/wp\/v2\/types\/page"}],"author":[{"embeddable":true,"href":"https:\/\/centarjova.rs\/index.php\/wp-json\/wp\/v2\/users\/1"}],"replies":[{"embeddable":true,"href":"https:\/\/centarjova.rs\/index.php\/wp-json\/wp\/v2\/comments?post=2103"}],"version-history":[{"count":22,"href":"https:\/\/centarjova.rs\/index.php\/wp-json\/wp\/v2\/pages\/2103\/revisions"}],"predecessor-version":[{"id":2151,"href":"https:\/\/centarjova.rs\/index.php\/wp-json\/wp\/v2\/pages\/2103\/revisions\/2151"}],"wp:attachment":[{"href":"https:\/\/centarjova.rs\/index.php\/wp-json\/wp\/v2\/media?parent=2103"}],"curies":[{"name":"wp","href":"https:\/\/api.w.org\/{rel}","templated":true}]}}